{"id":818,"date":"2026-02-17T12:26:44","date_gmt":"2026-02-17T11:26:44","guid":{"rendered":"https:\/\/arxiusv.uv.es\/arthistfem\/?page_id=818"},"modified":"2026-02-17T13:08:38","modified_gmt":"2026-02-17T12:08:38","slug":"home2","status":"publish","type":"page","link":"https:\/\/arxiusv.uv.es\/arthistfem\/","title":{"rendered":"Home2"},"content":{"rendered":"\t\t<div data-elementor-type=\"wp-page\" data-elementor-id=\"818\" class=\"elementor elementor-818\" data-elementor-post-type=\"page\">\n\t\t\t\t<div class=\"elementor-element elementor-element-9a76c56 e-con-full elementor-hidden-desktop elementor-hidden-tablet elementor-hidden-mobile e-flex e-con e-parent\" data-id=\"9a76c56\" data-element_type=\"container\" data-e-type=\"container\" data-settings=\"{&quot;background_background&quot;:&quot;classic&quot;,&quot;background_motion_fx_motion_fx_mouse&quot;:&quot;yes&quot;,&quot;background_motion_fx_mouseTrack_effect&quot;:&quot;yes&quot;,&quot;background_motion_fx_mouseTrack_direction&quot;:&quot;negative&quot;,&quot;background_motion_fx_mouseTrack_speed&quot;:{&quot;unit&quot;:&quot;px&quot;,&quot;size&quot;:4,&quot;sizes&quot;:[]}}\">\n\t\t\t\t<\/div>\n\t\t<div class=\"elementor-element elementor-element-130a26b e-grid e-con-boxed e-con e-parent\" data-id=\"130a26b\" data-element_type=\"container\" data-e-type=\"container\">\n\t\t\t\t\t<div class=\"e-con-inner\">\n\t\t<div class=\"elementor-element elementor-element-1998a7f e-con-full e-flex e-con e-child\" data-id=\"1998a7f\" data-element_type=\"container\" data-e-type=\"container\">\n\t\t\t\t<div class=\"elementor-element elementor-element-20982ff elementor-widget elementor-widget-spacer\" data-id=\"20982ff\" data-element_type=\"widget\" data-e-type=\"widget\" data-widget_type=\"spacer.default\">\n\t\t\t\t<div class=\"elementor-widget-container\">\n\t\t\t\t\t\t\t<div class=\"elementor-spacer\">\n\t\t\t<div class=\"elementor-spacer-inner\"><\/div>\n\t\t<\/div>\n\t\t\t\t\t\t<\/div>\n\t\t\t\t<\/div>\n\t\t\t\t<div class=\"elementor-element elementor-element-98756dc elementor-search-form--skin-minimal elementor-widget elementor-widget-search-form\" data-id=\"98756dc\" data-element_type=\"widget\" data-e-type=\"widget\" data-settings=\"{&quot;skin&quot;:&quot;minimal&quot;}\" data-widget_type=\"search-form.default\">\n\t\t\t\t<div class=\"elementor-widget-container\">\n\t\t\t\t\t\t\t<search role=\"search\">\n\t\t\t<form class=\"elementor-search-form\" action=\"https:\/\/arxiusv.uv.es\/arthistfem\" method=\"get\">\n\t\t\t\t\t\t\t\t\t\t\t\t<div class=\"elementor-search-form__container\">\n\t\t\t\t\t<label class=\"elementor-screen-only\" for=\"elementor-search-form-98756dc\">Buscar<\/label>\n\n\t\t\t\t\t\t\t\t\t\t\t<div class=\"elementor-search-form__icon\">\n\t\t\t\t\t\t\t<div class=\"e-font-icon-svg-container\"><svg aria-hidden=\"true\" class=\"e-font-icon-svg e-fas-search\" viewBox=\"0 0 512 512\" xmlns=\"http:\/\/www.w3.org\/2000\/svg\"><path d=\"M505 442.7L405.3 343c-4.5-4.5-10.6-7-17-7H372c27.6-35.3 44-79.7 44-128C416 93.1 322.9 0 208 0S0 93.1 0 208s93.1 208 208 208c48.3 0 92.7-16.4 128-44v16.3c0 6.4 2.5 12.5 7 17l99.7 99.7c9.4 9.4 24.6 9.4 33.9 0l28.3-28.3c9.4-9.4 9.4-24.6.1-34zM208 336c-70.7 0-128-57.2-128-128 0-70.7 57.2-128 128-128 70.7 0 128 57.2 128 128 0 70.7-57.2 128-128 128z\"><\/path><\/svg><\/div>\t\t\t\t\t\t\t<span class=\"elementor-screen-only\">Buscar<\/span>\n\t\t\t\t\t\t<\/div>\n\t\t\t\t\t\n\t\t\t\t\t<input id=\"elementor-search-form-98756dc\" placeholder=\"Buscar...\" class=\"elementor-search-form__input\" type=\"search\" name=\"s\" value=\"\">\n\t\t\t\t\t\n\t\t\t\t\t\n\t\t\t\t\t\t\t\t\t<\/div>\n\t\t\t<\/form>\n\t\t<\/search>\n\t\t\t\t\t\t<\/div>\n\t\t\t\t<\/div>\n\t\t<div class=\"elementor-element elementor-element-83ecc3b e-con-full e-flex e-con e-child\" data-id=\"83ecc3b\" data-element_type=\"container\" data-e-type=\"container\">\n\t\t\t\t<\/div>\n\t\t\t\t<\/div>\n\t\t\t\t<div class=\"elementor-element elementor-element-e77ee2c elementor-widget elementor-widget-shortcode\" data-id=\"e77ee2c\" data-element_type=\"widget\" data-e-type=\"widget\" data-widget_type=\"shortcode.default\">\n\t\t\t\t<div class=\"elementor-widget-container\">\n\t\t\t\t\t\t\t<div class=\"elementor-shortcode\"><div class=\"grid-eventos\" style=\"display: grid; grid-template-columns: repeat(3, 1fr); gap: 20px; width: 100%; align-items: start;\">\n        <div class=\"evento-card\" style=\"border: 1px solid #eee; padding: 20px; border-radius: 12px; background: #fff; box-shadow: 0 4px 10px rgba(0,0,0,0.05); display: flex; flex-direction: column; width: 100%; box-sizing: border-box; min-height: 400px; overflow: hidden;\">\n            <div style=\"aspect-ratio: 16\/9; border-radius: 8px; overflow: hidden;\"><img decoding=\"async\" src=\"https:\/\/arxiusv.uv.es\/arthistfem\/wp-content\/uploads\/2026\/02\/Af_PasoAPaso_Instagram_1080x1920_CFP_1.png\" style=\"width: 100%; height: 100%; object-fit: contain; display: block;\"><\/div>\n            <h3 style=\"margin: 15px 0 10px 0; font-family: sans-serif; font-size: 18px; color: #333; line-height: 1.2;\">Call for Papers Congreso Internacional \u00abPaso a Paso. La agencia de las mujeres en la escritura de los discursos del arte\u00bb<\/h3>\n            <p style=\"color: #d9534f; font-weight: bold; margin-bottom: 12px; font-size: 14px;\">\ud83d\udcc5 30\/03\/2026<\/p>\n            \n            <div class=\"contenedor-texto\" style=\"font-size: 14px; color: #555; margin-bottom: 15px; flex-grow: 1;\">\n                <div class=\"texto-corto\">El 17 y 18 de Septiembre se celebrar\u00e1 en la Universidad de Valencia este Congreso Internacional, que pretende poner en&hellip;<\/div>\n                <div class=\"texto-largo\" style=\"display:none;\"><p>El 17 y 18 de Septiembre se celebrar\u00e1 en la Universidad de Valencia este Congreso Internacional, que pretende poner en com\u00fan las \u00faltimas investigaciones sobre los escritos de te\u00f3ricas y cr\u00edticas de arte, periodistas, cronistas, galeristas, gestoras, comisarias y conservadoras de museos y de otras instituciones patrimoniales, con el objetivo de resituar sus aportaciones en la construcci\u00f3n del saber hist\u00f3rico-art\u00edstico en el contexto espa\u00f1ol. Si te interesa participar env\u00edanos tu propuesta (500 palabras) al mail congreso.arthistfem@gmail.com antes del 30 de MARZO y un breve curriculum (100 palabras). Adem\u00e1s, posteriormente al Congreso podr\u00e1s enviar por escrito la ponencia para una publicaci\u00f3n. M\u00e1s informaci\u00f3n en nuestras redes, s\u00edguenos para enterarte de todas las novedades (https:\/\/www.instagram.com\/p\/DT-QKc5jMqX\/?img_index=1)<\/p>\n<\/div>\n            <\/div>\n\n            <button class=\"btn-leer-mas\" onclick=\"toggleTextoEvento(this)\" style=\"margin-top: auto; background: #0073aa; color: #fff; border: none; padding: 10px 18px; border-radius: 5px; cursor: pointer; font-size: 13px; font-weight: bold; align-self: flex-start;\">Leer m\u00e1s<\/button>\n        <\/div>\n        <div class=\"evento-card\" style=\"border: 1px solid #eee; padding: 20px; border-radius: 12px; background: #fff; box-shadow: 0 4px 10px rgba(0,0,0,0.05); display: flex; flex-direction: column; width: 100%; box-sizing: border-box; min-height: 400px; overflow: hidden;\">\n            <div style=\"aspect-ratio: 16\/9; border-radius: 8px; overflow: hidden;\"><img decoding=\"async\" src=\"https:\/\/arxiusv.uv.es\/arthistfem\/wp-content\/uploads\/2026\/02\/esdeveniment_850x596_performance.jpg\" style=\"width: 100%; height: 100%; object-fit: contain; display: block;\"><\/div>\n            <h3 style=\"margin: 15px 0 10px 0; font-family: sans-serif; font-size: 18px; color: #333; line-height: 1.2;\">Jornada art\u00edstico-cultural de car\u00e1cter participativo \u00abVeus que cremen\u00bb<\/h3>\n            <p style=\"color: #d9534f; font-weight: bold; margin-bottom: 12px; font-size: 14px;\">\ud83d\udcc5 24\/02\/2026<\/p>\n            \n            <div class=\"contenedor-texto\" style=\"font-size: 14px; color: #555; margin-bottom: 15px; flex-grow: 1;\">\n                <div class=\"texto-corto\">Con motivo de la inauguraci\u00f3n de la exposici\u00f3n \"Escrituras fragmentarias. Gesto y memoria\" de Rossi Aguilar en colaboraci\u00f3n con arthistFEM-2&hellip;<\/div>\n                <div class=\"texto-largo\" style=\"display:none;\"><p>Con motivo de la inauguraci\u00f3n de la exposici\u00f3n \"Escrituras fragmentarias. Gesto y memoria\" de Rossi Aguilar en colaboraci\u00f3n con arthistFEM-2 se ha impartido el taller participativo \"Veus que cremen\". El objetivo del proyecto es rescatar las voces de escritoras de Historia del arte y, del mismo modo, el taller pretende poner en foco en la voz de las mujeres de manera participativa a trav\u00e9s de una lectura performativa de \"Los mon\u00f3logos de la vagina\" de Eva Ensler y un taller de costura colaborativo.  Desde aqu\u00ed, agradecemos al equipo art\u00edstico que han hecho posible esta jornada: Ma\u00edra Ribeiro, Alba Navarro G\u00f3mez, La\u00eds Rosa, Mae Calvo y Ziggi Iglesias.<\/p>\n<\/div>\n            <\/div>\n\n            <button class=\"btn-leer-mas\" onclick=\"toggleTextoEvento(this)\" style=\"margin-top: auto; background: #0073aa; color: #fff; border: none; padding: 10px 18px; border-radius: 5px; cursor: pointer; font-size: 13px; font-weight: bold; align-self: flex-start;\">Leer m\u00e1s<\/button>\n        <\/div>\n        <div class=\"evento-card\" style=\"border: 1px solid #eee; padding: 20px; border-radius: 12px; background: #fff; box-shadow: 0 4px 10px rgba(0,0,0,0.05); display: flex; flex-direction: column; width: 100%; box-sizing: border-box; min-height: 400px; overflow: hidden;\">\n            <div style=\"aspect-ratio: 16\/9; border-radius: 8px; overflow: hidden;\"><img decoding=\"async\" src=\"https:\/\/arxiusv.uv.es\/arthistfem\/wp-content\/uploads\/2026\/02\/Inauguracion-Rossi.jpg\" style=\"width: 100%; height: 100%; object-fit: contain; display: block;\"><\/div>\n            <h3 style=\"margin: 15px 0 10px 0; font-family: sans-serif; font-size: 18px; color: #333; line-height: 1.2;\">Inauguraci\u00f3n de la exposici\u00f3n \u00abEscriptures fragment\u00e0ries. Gest i mem\u00f2ria. Rossi Aguilar\u00bb<\/h3>\n            <p style=\"color: #d9534f; font-weight: bold; margin-bottom: 12px; font-size: 14px;\">\ud83d\udcc5 24\/02\/2026<\/p>\n            \n            <div class=\"contenedor-texto\" style=\"font-size: 14px; color: #555; margin-bottom: 15px; flex-grow: 1;\">\n                <div class=\"texto-corto\">El 24 de febrero a las 19h tuvo lugar la inauguraci\u00f3n de la exposici\u00f3n \"Escriptures fragment\u00e0ries. Gest i mem\u00f2ria\" de&hellip;<\/div>\n                <div class=\"texto-largo\" style=\"display:none;\"><p>El 24 de febrero a las 19h tuvo lugar la inauguraci\u00f3n de la exposici\u00f3n \"Escriptures fragment\u00e0ries. Gest i mem\u00f2ria\" de Rossi Aguilar dentro de la convocatoria Residir en la Investigaci\u00f3 junto a nuestro proyecto arthistFEM-2. Hasta el 12 de abril pod\u00e9is visitar la exposici\u00f3n en la Sala Oberta del Centre Cultural La Nau, \u00a1animaos!<\/p>\n<\/div>\n            <\/div>\n\n            <button class=\"btn-leer-mas\" onclick=\"toggleTextoEvento(this)\" style=\"margin-top: auto; background: #0073aa; color: #fff; border: none; padding: 10px 18px; border-radius: 5px; cursor: pointer; font-size: 13px; font-weight: bold; align-self: flex-start;\">Leer m\u00e1s<\/button>\n        <\/div><\/div><style>\n        @media (max-width: 767px) {\n            .grid-eventos { grid-template-columns: 1fr !important; }\n        }\n    <\/style>\n    <script>\n    function toggleTextoEvento(btn) {\n        var card = btn.closest(\".evento-card\");\n        var corto = card.querySelector(\".texto-corto\");\n        var largo = card.querySelector(\".texto-largo\");\n        if (largo.style.display === \"none\") {\n            largo.style.display = \"block\";\n            corto.style.display = \"none\";\n            btn.innerText = \"Leer menos\";\n        } else {\n            largo.style.display = \"none\";\n            corto.style.display = \"block\";\n            btn.innerText = \"Leer m\u00e1s\";\n        }\n    }\n    <\/script><\/div>\n\t\t\t\t\t\t<\/div>\n\t\t\t\t<\/div>\n\t\t<div class=\"elementor-element elementor-element-bcd1889 e-con-full e-flex e-con e-child\" data-id=\"bcd1889\" data-element_type=\"container\" data-e-type=\"container\">\n\t\t\t\t<\/div>\n\t\t\t\t\t<\/div>\n\t\t\t\t<\/div>\n\t\t<div class=\"elementor-element elementor-element-c4ee3fc e-con-full elementor-hidden-desktop elementor-hidden-tablet elementor-hidden-mobile e-flex e-con e-parent\" data-id=\"c4ee3fc\" data-element_type=\"container\" data-e-type=\"container\" data-settings=\"{&quot;background_background&quot;:&quot;gradient&quot;,&quot;background_motion_fx_motion_fx_mouse&quot;:&quot;yes&quot;,&quot;background_motion_fx_mouseTrack_effect&quot;:&quot;yes&quot;,&quot;background_motion_fx_mouseTrack_direction&quot;:&quot;negative&quot;,&quot;background_motion_fx_mouseTrack_speed&quot;:{&quot;unit&quot;:&quot;px&quot;,&quot;size&quot;:4,&quot;sizes&quot;:[]}}\">\n\t\t<div class=\"elementor-element elementor-element-f7a72a9 e-flex e-con-boxed e-con e-child\" data-id=\"f7a72a9\" data-element_type=\"container\" data-e-type=\"container\">\n\t\t\t\t\t<div class=\"e-con-inner\">\n\t\t\t\t<div class=\"elementor-element elementor-element-0411ae6 elementor-widget elementor-widget-image-gallery\" data-id=\"0411ae6\" data-element_type=\"widget\" data-e-type=\"widget\" data-widget_type=\"image-gallery.default\">\n\t\t\t\t<div class=\"elementor-widget-container\">\n\t\t\t\t\t\t\t<div class=\"elementor-image-gallery\">\n\t\t\t<div id='gallery-1' class='gallery galleryid-818 gallery-columns-2 gallery-size-medium_large'><figure class='gallery-item'>\n\t\t\t<div class='gallery-icon landscape'>\n\t\t\t\t<img fetchpriority=\"high\" decoding=\"async\" width=\"768\" height=\"396\" src=\"https:\/\/arxiusv.uv.es\/arthistfem\/wp-content\/uploads\/2024\/08\/UV_Dept-mod-768x396.png\" class=\"attachment-medium_large size-medium_large\" alt=\"\" srcset=\"https:\/\/arxiusv.uv.es\/arthistfem\/wp-content\/uploads\/2024\/08\/UV_Dept-mod-768x396.png 768w, https:\/\/arxiusv.uv.es\/arthistfem\/wp-content\/uploads\/2024\/08\/UV_Dept-mod-300x155.png 300w, https:\/\/arxiusv.uv.es\/arthistfem\/wp-content\/uploads\/2024\/08\/UV_Dept-mod-1024x528.png 1024w, https:\/\/arxiusv.uv.es\/arthistfem\/wp-content\/uploads\/2024\/08\/UV_Dept-mod.png 1368w\" sizes=\"(max-width: 768px) 100vw, 768px\" \/>\n\t\t\t<\/div><\/figure><figure class='gallery-item'>\n\t\t\t<div class='gallery-icon landscape'>\n\t\t\t\t<img decoding=\"async\" width=\"768\" height=\"396\" src=\"https:\/\/arxiusv.uv.es\/arthistfem\/wp-content\/uploads\/2024\/08\/Generalitat_mod-768x396.png\" class=\"attachment-medium_large size-medium_large\" alt=\"\" srcset=\"https:\/\/arxiusv.uv.es\/arthistfem\/wp-content\/uploads\/2024\/08\/Generalitat_mod-768x396.png 768w, https:\/\/arxiusv.uv.es\/arthistfem\/wp-content\/uploads\/2024\/08\/Generalitat_mod-300x155.png 300w, https:\/\/arxiusv.uv.es\/arthistfem\/wp-content\/uploads\/2024\/08\/Generalitat_mod-1024x528.png 1024w, https:\/\/arxiusv.uv.es\/arthistfem\/wp-content\/uploads\/2024\/08\/Generalitat_mod.png 1368w\" sizes=\"(max-width: 768px) 100vw, 768px\" \/>\n\t\t\t<\/div><\/figure>\n\t\t<\/div>\n\t\t<\/div>\n\t\t\t\t\t\t<\/div>\n\t\t\t\t<\/div>\n\t\t\t\t\t<\/div>\n\t\t\t\t<\/div>\n\t\t\t\t<\/div>\n\t\t\t\t<\/div>\n\t\t","protected":false},"excerpt":{"rendered":"","protected":false},"author":1,"featured_media":0,"parent":0,"menu_order":0,"comment_status":"closed","ping_status":"closed","template":"","meta":{"_acf_changed":false,"site-sidebar-layout":"no-sidebar","site-content-layout":"","ast-site-content-layout":"full-width-container","site-content-style":"default","site-sidebar-style":"default","ast-global-header-display":"","ast-banner-title-visibility":"","ast-main-header-display":"","ast-hfb-above-header-display":"","ast-hfb-below-header-display":"","ast-hfb-mobile-header-display":"","site-post-title":"disabled","ast-breadcrumbs-content":"","ast-featured-img":"disabled","footer-sml-layout":"","ast-disable-related-posts":"","theme-transparent-header-meta":"","adv-header-id-meta":"","stick-header-meta":"","header-above-stick-meta":"","header-main-stick-meta":"","header-below-stick-meta":"","astra-migrate-meta-layouts":"default","ast-page-background-enabled":"default","ast-page-background-meta":{"desktop":{"background-color":"var(--ast-global-color-4)","background-image":"","background-repeat":"repeat","background-position":"center center","background-size":"auto","background-attachment":"scroll","background-type":"","background-media":"","overlay-type":"","overlay-color":"","overlay-opacity":"","overlay-gradient":""},"tablet":{"background-color":"","background-image":"","background-repeat":"repeat","background-position":"center center","background-size":"auto","background-attachment":"scroll","background-type":"","background-media":"","overlay-type":"","overlay-color":"","overlay-opacity":"","overlay-gradient":""},"mobile":{"background-color":"","background-image":"","background-repeat":"repeat","background-position":"center center","background-size":"auto","background-attachment":"scroll","background-type":"","background-media":"","overlay-type":"","overlay-color":"","overlay-opacity":"","overlay-gradient":""}},"ast-content-background-meta":{"desktop":{"background-color":"var(--ast-global-color-5)","background-image":"","background-repeat":"repeat","background-position":"center center","background-size":"auto","background-attachment":"scroll","background-type":"","background-media":"","overlay-type":"","overlay-color":"","overlay-opacity":"","overlay-gradient":""},"tablet":{"background-color":"var(--ast-global-color-5)","background-image":"","background-repeat":"repeat","background-position":"center center","background-size":"auto","background-attachment":"scroll","background-type":"","background-media":"","overlay-type":"","overlay-color":"","overlay-opacity":"","overlay-gradient":""},"mobile":{"background-color":"var(--ast-global-color-5)","background-image":"","background-repeat":"repeat","background-position":"center center","background-size":"auto","background-attachment":"scroll","background-type":"","background-media":"","overlay-type":"","overlay-color":"","overlay-opacity":"","overlay-gradient":""}},"footnotes":""},"class_list":["post-818","page","type-page","status-publish","hentry"],"acf":[],"_links":{"self":[{"href":"https:\/\/arxiusv.uv.es\/arthistfem\/index.php\/wp-json\/wp\/v2\/pages\/818","targetHints":{"allow":["GET"]}}],"collection":[{"href":"https:\/\/arxiusv.uv.es\/arthistfem\/index.php\/wp-json\/wp\/v2\/pages"}],"about":[{"href":"https:\/\/arxiusv.uv.es\/arthistfem\/index.php\/wp-json\/wp\/v2\/types\/page"}],"author":[{"embeddable":true,"href":"https:\/\/arxiusv.uv.es\/arthistfem\/index.php\/wp-json\/wp\/v2\/users\/1"}],"replies":[{"embeddable":true,"href":"https:\/\/arxiusv.uv.es\/arthistfem\/index.php\/wp-json\/wp\/v2\/comments?post=818"}],"version-history":[{"count":23,"href":"https:\/\/arxiusv.uv.es\/arthistfem\/index.php\/wp-json\/wp\/v2\/pages\/818\/revisions"}],"predecessor-version":[{"id":966,"href":"https:\/\/arxiusv.uv.es\/arthistfem\/index.php\/wp-json\/wp\/v2\/pages\/818\/revisions\/966"}],"wp:attachment":[{"href":"https:\/\/arxiusv.uv.es\/arthistfem\/index.php\/wp-json\/wp\/v2\/media?parent=818"}],"curies":[{"name":"wp","href":"https:\/\/api.w.org\/{rel}","templated":true}]}}