{"id":817,"date":"2026-02-13T06:26:22","date_gmt":"2026-02-13T05:26:22","guid":{"rendered":"https:\/\/arxiusv.uv.es\/arthistfem\/?page_id=817"},"modified":"2026-02-17T18:16:09","modified_gmt":"2026-02-17T17:16:09","slug":"el-proyecto-2526","status":"publish","type":"page","link":"https:\/\/arxiusv.uv.es\/arthistfem\/index.php\/el-proyecto-2526\/","title":{"rendered":"El proyecto 2526"},"content":{"rendered":"\t\t<div data-elementor-type=\"wp-page\" data-elementor-id=\"817\" class=\"elementor elementor-817\" data-elementor-post-type=\"page\">\n\t\t\t\t<div class=\"elementor-element elementor-element-1338a80 e-flex e-con-boxed e-con e-parent\" data-id=\"1338a80\" data-element_type=\"container\" data-e-type=\"container\">\n\t\t\t\t\t<div class=\"e-con-inner\">\n\t\t\t\t<div class=\"elementor-element elementor-element-82b520c elementor-widget elementor-widget-spacer\" data-id=\"82b520c\" data-element_type=\"widget\" data-e-type=\"widget\" data-widget_type=\"spacer.default\">\n\t\t\t\t<div class=\"elementor-widget-container\">\n\t\t\t\t\t\t\t<div class=\"elementor-spacer\">\n\t\t\t<div class=\"elementor-spacer-inner\"><\/div>\n\t\t<\/div>\n\t\t\t\t\t\t<\/div>\n\t\t\t\t<\/div>\n\t\t\t\t\t<\/div>\n\t\t\t\t<\/div>\n\t\t<div class=\"elementor-element elementor-element-c7f628b e-grid e-con-boxed e-con e-parent\" data-id=\"c7f628b\" data-element_type=\"container\" data-e-type=\"container\">\n\t\t\t\t\t<div class=\"e-con-inner\">\n\t\t<div class=\"elementor-element elementor-element-035afb2 e-con-full e-flex e-con e-child\" data-id=\"035afb2\" data-element_type=\"container\" data-e-type=\"container\">\n\t\t\t\t<div class=\"elementor-element elementor-element-0e5b805 elementor-widget elementor-widget-heading\" data-id=\"0e5b805\" data-element_type=\"widget\" data-e-type=\"widget\" data-widget_type=\"heading.default\">\n\t\t\t\t<div class=\"elementor-widget-container\">\n\t\t\t\t\t<h2 class=\"elementor-heading-title elementor-size-default\">Equipo<\/h2>\t\t\t\t<\/div>\n\t\t\t\t<\/div>\n\t\t\t\t<\/div>\n\t\t\t\t<div class=\"elementor-element elementor-element-355bcb3 elementor-widget elementor-widget-shortcode\" data-id=\"355bcb3\" data-element_type=\"widget\" data-e-type=\"widget\" data-widget_type=\"shortcode.default\">\n\t\t\t\t<div class=\"elementor-widget-container\">\n\t\t\t\t\t\t\t<div class=\"elementor-shortcode\"><div style=\"display: grid; grid-template-columns: repeat(auto-fit, minmax(250px, 1fr)); gap: 20px;\"><div style=\"border: 1px solid #ccc; padding: 20px; text-align: left; border-radius: 10px;\"><img decoding=\"async\" src=\"https:\/\/arxiusv.uv.es\/arthistfem\/wp-content\/uploads\/2024\/01\/1.png\" style=\"width: 150px; height: 150px; border-radius: 50%; object-fit: cover;\"><h3>MARI\u00c1NGELES P\u00c9REZ-MART\u00cdN<\/h3><p style=\"font-size: 14px;\">Investigadora Principal. Profesora Permanente Laboral de Historia del Arte y responsable de Iniciativas Activa Cultura en la Universitat de Val\u00e8ncia. Doctora en Historia del Arte (2019). M\u00e1ster en Estudios Hisp\u00e1nicos Avanzados (2015). Premio Nacional de Licenciatura en Historia del Arte (2012) y Premio Extraordinario de M\u00e1ster en Historia del Arte y Cultura Visual (2013). Fue IP del proyecto \u201cArte, historiograf\u00eda y feminismos\u201d (2023-2024) CIGE2022-130, GVA. Miembro de los proyectos europeos TOWCHED (2025-2027) y CHEMINOVA (2024-2027), UV, y del grupo de investigaci\u00f3n VALuART, UV. Colabora en el proyecto \u201cLa conciencia de g\u00e9nero de las artistas en Espa\u00f1a, 1800-1968. Iconolog\u00eda y teor\u00eda\u201d, Universidad de Zaragoza. Sus investigaciones se centran Historia de las mujeres en el arte contempor\u00e1neo y museos. Autora del libro Ilustres e ilustradas. Acad\u00e9micas de Bellas Artes ss. XVIII-XIX (Tirant lo Blanch, 2020) y editora de Una g\u00e9nesis de la teor\u00eda y la cr\u00edtica de arte feminista en Espa\u00f1a (PUV, 2024)<\/p><\/div><div style=\"border: 1px solid #ccc; padding: 20px; text-align: left; border-radius: 10px;\"><img decoding=\"async\" src=\"https:\/\/arxiusv.uv.es\/arthistfem\/wp-content\/uploads\/2026\/01\/Guiilermo_Juberiasw.jpg\" style=\"width: 150px; height: 150px; border-radius: 50%; object-fit: cover;\"><h3>GUILLERMO JUBER\u00cdAS GRACIA<\/h3><p style=\"font-size: 14px;\">Profesor Ayudante Doctor de Historia del Arte en la Universidad de Oviedo. Doctor en Historia del Arte por la Universidad de Zaragoza, donde fue beneficiario de un contrato FPU (2017-2022). Posteriormente trabaj\u00f3 como docente e investigador en la Universit\u00e9 Bretagne Sud y en el Institut d\u2019\u00c9tudes Politiques de Lyon y se reincorpor\u00f3 al sistema universitario espa\u00f1ol en 2024 mediante un contrato Juan de la Cierva en la Universitat de Val\u00e8ncia, adscrito al grupo VALuART. Es miembro del grupo EsArt (Universidad de Oviedo) y colaborador del equipo H\u00e9ritages et Cr\u00e9ations dans le Texte et l\u2019Image (Universit\u00e9 Bretagne Sud). Ha trabajado en proyectos de investigaci\u00f3n financiados por instituciones como el gobierno de Nouvelle Aquitaine o la Universidade de Lisboa. Sus investigaciones sobre pintura e identidad nacional se han difundido en libros, art\u00edculos, cap\u00edtulos y ponencias en centros como el Mus\u00e9e du Louvre, el Institut National d\u2019Histoire de l\u2019Art o el Museo del Romanticismo.<\/p><\/div><div style=\"border: 1px solid #ccc; padding: 20px; text-align: left; border-radius: 10px;\"><img decoding=\"async\" src=\"https:\/\/arxiusv.uv.es\/arthistfem\/wp-content\/uploads\/2024\/01\/8.png\" style=\"width: 150px; height: 150px; border-radius: 50%; object-fit: cover;\"><h3>CLARA SOLBES BORJA<\/h3><p style=\"font-size: 14px;\">Profesora Ayudante Doctora de Historia del Arte en la Universitat de Val\u00e8ncia. Doctora en Historia del Arte por la Universitat de Val\u00e8ncia con un contrato FPU entre 2017 y 2022 y M\u00e1ster en Estudios Comparativos de Literatura, Arte y Pensamiento por la Universitat Pompeu Fabra (2015). Posteriormente, obtuvo contratos posdoctorales en las convocatorias Juan de la Cierva o Margarita Salas, as\u00ed como una plaza como Profesora Ayudante Doctora en la Universidad de Alicante. Ha realizado estancias en centros como la New York University, la Universidad Complutense de Madrid o la Universidad de Granada. Su actividad investigadora est\u00e1 centrada en el arte moderno y contempor\u00e1neo desde una perspectiva de g\u00e9nero. Ha publicado el libro El campo art\u00edstico valenciano durante el franquismo: una intervenci\u00f3n feminista (2023), as\u00ed como diversos art\u00edculos y cap\u00edtulos del libro; y participa en diversos proyectos de investigaci\u00f3n financiados. Coordinadora del Proyecto de Innovaci\u00f3n Educativa TrencArt, Universitat de Val\u00e8ncia (2023-2026).<\/p><\/div><\/div><\/div>\n\t\t\t\t\t\t<\/div>\n\t\t\t\t<\/div>\n\t\t\t\t<div class=\"elementor-element elementor-element-bfa2256 elementor-widget elementor-widget-shortcode\" data-id=\"bfa2256\" data-element_type=\"widget\" data-e-type=\"widget\" data-widget_type=\"shortcode.default\">\n\t\t\t\t<div class=\"elementor-widget-container\">\n\t\t\t\t\t\t\t<div class=\"elementor-shortcode\"><div style=\"display: grid; grid-template-columns: repeat(4, 1fr); gap: 20px;\"><div style=\"border: 1px solid #eee; padding: 20px; text-align: center; border-radius: 10px; text-align: left;background: #fafafa;\"><img decoding=\"async\" src=\"https:\/\/arxiusv.uv.es\/arthistfem\/wp-content\/uploads\/2026\/01\/DSC02157-rotated-e1773219413882.jpg\" style=\"width: 120px; height: 120px; border-radius: 50%; object-fit: cover;\"><h3>MAR LLORET ESTRADA<\/h3><p style=\"font-size: 14px; color: #555;\">Doctoranda. Personal Investigador en Formaci\u00f3n en el Departamento de Historia del Arte de la Universitat de Val\u00e8ncia gracias a una ayuda predoctoral de Formaci\u00f3n de Personal Universitario (FPU2024\/01305 del Ministerio de Ciencia, Innovaci\u00f3n y Universidades). Su tesis doctoral aborda el mundo del espect\u00e1culo y la visualidad de sus protagonistas durante la primera mitad del siglo XX desde una perspectiva de g\u00e9nero y fuera de los m\u00e1rgenes. Graduada en Historia del Arte (2024, Premio Extraordinario UV) y M\u00e1ster en Historia del Arte y Cultura Visual (2025, Premio Extraordinario UV). Beca de Colaboraci\u00f3n del Ministerio (2023-2024), beneficiaria de la Ayuda para la Colaboraci\u00f3n en la Investigaci\u00f3n, UV (2025). Forma parte del grupo de investigaci\u00f3n VALuART. Val\u00e8ncia, universitat i art. Art, museus i cultura visual, de 1750 a l&#039;actualitat y del Proyecto de Innovaci\u00f3n Educativa TrencArt. Trencant la Hist\u00f2ria. Imatges, textos i contextos per a la igualtat en la Hist\u00f2ria de l&#039;art contemporani, UV.<\/p><\/div><div style=\"border: 1px solid #eee; padding: 20px; text-align: center; border-radius: 10px; text-align: left;background: #fafafa;\"><img decoding=\"async\" src=\"https:\/\/arxiusv.uv.es\/arthistfem\/wp-content\/uploads\/2026\/01\/Natalia-Polo.jpg\" style=\"width: 120px; height: 120px; border-radius: 50%; object-fit: cover;\"><h3>NATALIA POLO CHOCANO<\/h3><p style=\"font-size: 14px; color: #555;\">Doctoranda. Personal Investigador en Formaci\u00f3n en el Departamento de Historia del Arte en la Universitat de Val\u00e8ncia con un contrato predoctoral CIACIF2024\/273 de la Generalitat Valenciana (2025). Fue beneficiaria de una Ayuda para la colaboraci\u00f3n en la investigaci\u00f3n de la UV (2023). Actualmente preside la Asociaci\u00f3n de J\u00f3venes Investigadores de la Facultat de Geografia i Hist\u00f2ria de la UV, PANGAEA. Ha sido galardonada con diversos reconocimientos en ediciones del proyecto CREALAB, el Premio Activa Cultura y Jornadas cient\u00edficas de la Universitat de Val\u00e8ncia. Ha comisariado la exposici\u00f3n \u201cJes\u00fas C\u00edscar i l\u2019art de la fl\u00e2nerie\u201d y ha participado en cat\u00e1logos de arte contempor\u00e1neo con textos curatoriales. Forma parte del grupo de investigaci\u00f3n VALuART. Val\u00e8ncia, universitat i art. Art, museus i cultura visual, de 1750 a l&#039;actualitat. Colabora con el Proyecto de Innovaci\u00f3n Educativa TrencArt. Trencant la Hist\u00f2ria. Imatges, textos i contextos per a la igualtat en la Hist\u00f2ria de l&#039;art contemporani, UV.<\/p><\/div><div style=\"border: 1px solid #eee; padding: 20px; text-align: center; border-radius: 10px; text-align: left;background: #fafafa;\"><img decoding=\"async\" src=\"https:\/\/arxiusv.uv.es\/arthistfem\/wp-content\/uploads\/2024\/01\/4.png\" style=\"width: 120px; height: 120px; border-radius: 50%; object-fit: cover;\"><h3>FELIPE JEREZ MOLINER<\/h3><p style=\"font-size: 14px; color: #555;\">Profesor Titular de Universidad en el Departamento de Historia del Arte UV. Licenciado en Geograf\u00eda e Historia, especialidad de Historia del Arte (1993) y Doctor en Historia del Arte UV (1998). Becario de colaboraci\u00f3n del Servicio de Conservaci\u00f3n del Patrimonio Hist\u00f3rico-Art\u00edstico (1992-1993) y becario de investigaci\u00f3n de la IVEI, Diputaci\u00f3n de Valencia (1996-1998). Sus investigaciones se centran en el grabado y los medios de ilustraci\u00f3n, en especial cient\u00edficos y valencianos; en temas iconogr\u00e1ficos; y arte valenciano de la Ilustraci\u00f3n y el siglo XIX. Ha sido investigador en proyectos I+D de la UV y de la GVA. Comisario de exposiciones sobre historia de la ilustraci\u00f3n cient\u00edfica, grabado, fotograf\u00eda antigua, patrimonio y arte valenciano en la Fundaci\u00f3n Bancaja, la UV y la Diputaci\u00f3 de Val\u00e8ncia. Ha sido secretario (2008-2014) y director (2014-2020) del Departament d&#039;Hist\u00f2ria de l&#039;Art, UV, y miembro de la CCA del M\u00e1ster en Historia del Arte y Cultura Visual (2017-2025).<\/p><\/div><div style=\"border: 1px solid #eee; padding: 20px; text-align: center; border-radius: 10px; text-align: left;background: #fafafa;\"><img decoding=\"async\" src=\"https:\/\/arxiusv.uv.es\/arthistfem\/wp-content\/uploads\/2024\/01\/3.png\" style=\"width: 120px; height: 120px; border-radius: 50%; object-fit: cover;\"><h3>MAR\u00cdA JOS\u00c9 L\u00d3PEZ TERRADA<\/h3><p style=\"font-size: 14px; color: #555;\">Profesora Titular de Universidad en el Departamento de Historia del Arte de la Universitat de Val\u00e8ncia. Licenciada en Geograf\u00eda e Historia, especialidad de Historia del Arte, Universitat de Val\u00e8ncia, 1993 (Premio Extraordinario de Licenciatura). Cont\u00f3 con una beca del Instituto de Cultura Juan Gil Albert de la Diputaci\u00f3n de Alicante. Desarroll\u00f3 como Personal Investigador en Formaci\u00f3n (Ministerio de Educaci\u00f3n y Ciencia) su tesis doctoral Tradici\u00f3n y cambio en la pintura valenciana de flores en la transici\u00f3n de la Ilustraci\u00f3n al Romanticismo, 1998, en la Universitat de Val\u00e8ncia. Sus principales l\u00edneas de trabajo se centran en el mundo natural en la pintura, en temas iconogr\u00e1ficos, as\u00ed como en el arte valenciano, especialmente de los siglos XVII y XIX. Ha participado en proyectos I+D financiados, siendo IP del proyecto \u201cImagen y Naturaleza. Los animales y las plantas en el arte valenciano (siglos XVI-XIX)\u201d (GV04A-282), Generalitat Valenciana.<\/p><\/div><\/div><\/div>\n\t\t\t\t\t\t<\/div>\n\t\t\t\t<\/div>\n\t\t\t\t\t<\/div>\n\t\t\t\t<\/div>\n\t\t\t\t<\/div>\n\t\t","protected":false},"excerpt":{"rendered":"<p>Equipo<\/p>\n","protected":false},"author":1,"featured_media":0,"parent":0,"menu_order":0,"comment_status":"closed","ping_status":"closed","template":"","meta":{"_acf_changed":false,"site-sidebar-layout":"no-sidebar","site-content-layout":"","ast-site-content-layout":"full-width-container","site-content-style":"default","site-sidebar-style":"default","ast-global-header-display":"","ast-banner-title-visibility":"","ast-main-header-display":"","ast-hfb-above-header-display":"","ast-hfb-below-header-display":"","ast-hfb-mobile-header-display":"","site-post-title":"disabled","ast-breadcrumbs-content":"","ast-featured-img":"disabled","footer-sml-layout":"","ast-disable-related-posts":"","theme-transparent-header-meta":"","adv-header-id-meta":"","stick-header-meta":"","header-above-stick-meta":"","header-main-stick-meta":"","header-below-stick-meta":"","astra-migrate-meta-layouts":"default","ast-page-background-enabled":"default","ast-page-background-meta":{"desktop":{"background-color":"var(--ast-global-color-4)","background-image":"","background-repeat":"repeat","background-position":"center center","background-size":"auto","background-attachment":"scroll","background-type":"","background-media":"","overlay-type":"","overlay-color":"","overlay-opacity":"","overlay-gradient":""},"tablet":{"background-color":"","background-image":"","background-repeat":"repeat","background-position":"center center","background-size":"auto","background-attachment":"scroll","background-type":"","background-media":"","overlay-type":"","overlay-color":"","overlay-opacity":"","overlay-gradient":""},"mobile":{"background-color":"","background-image":"","background-repeat":"repeat","background-position":"center center","background-size":"auto","background-attachment":"scroll","background-type":"","background-media":"","overlay-type":"","overlay-color":"","overlay-opacity":"","overlay-gradient":""}},"ast-content-background-meta":{"desktop":{"background-color":"var(--ast-global-color-5)","background-image":"","background-repeat":"repeat","background-position":"center center","background-size":"auto","background-attachment":"scroll","background-type":"","background-media":"","overlay-type":"","overlay-color":"","overlay-opacity":"","overlay-gradient":""},"tablet":{"background-color":"var(--ast-global-color-5)","background-image":"","background-repeat":"repeat","background-position":"center center","background-size":"auto","background-attachment":"scroll","background-type":"","background-media":"","overlay-type":"","overlay-color":"","overlay-opacity":"","overlay-gradient":""},"mobile":{"background-color":"var(--ast-global-color-5)","background-image":"","background-repeat":"repeat","background-position":"center center","background-size":"auto","background-attachment":"scroll","background-type":"","background-media":"","overlay-type":"","overlay-color":"","overlay-opacity":"","overlay-gradient":""}},"footnotes":""},"class_list":["post-817","page","type-page","status-publish","hentry"],"acf":[],"_links":{"self":[{"href":"https:\/\/arxiusv.uv.es\/arthistfem\/index.php\/wp-json\/wp\/v2\/pages\/817","targetHints":{"allow":["GET"]}}],"collection":[{"href":"https:\/\/arxiusv.uv.es\/arthistfem\/index.php\/wp-json\/wp\/v2\/pages"}],"about":[{"href":"https:\/\/arxiusv.uv.es\/arthistfem\/index.php\/wp-json\/wp\/v2\/types\/page"}],"author":[{"embeddable":true,"href":"https:\/\/arxiusv.uv.es\/arthistfem\/index.php\/wp-json\/wp\/v2\/users\/1"}],"replies":[{"embeddable":true,"href":"https:\/\/arxiusv.uv.es\/arthistfem\/index.php\/wp-json\/wp\/v2\/comments?post=817"}],"version-history":[{"count":19,"href":"https:\/\/arxiusv.uv.es\/arthistfem\/index.php\/wp-json\/wp\/v2\/pages\/817\/revisions"}],"predecessor-version":[{"id":985,"href":"https:\/\/arxiusv.uv.es\/arthistfem\/index.php\/wp-json\/wp\/v2\/pages\/817\/revisions\/985"}],"wp:attachment":[{"href":"https:\/\/arxiusv.uv.es\/arthistfem\/index.php\/wp-json\/wp\/v2\/media?parent=817"}],"curies":[{"name":"wp","href":"https:\/\/api.w.org\/{rel}","templated":true}]}}